{"id":79,"date":"2015-02-05T08:54:02","date_gmt":"2015-02-05T08:54:02","guid":{"rendered":"http:\/\/web433.zeistserver.de\/?page_id=79"},"modified":"2021-08-02T15:20:49","modified_gmt":"2021-08-02T15:20:49","slug":"impressum","status":"publish","type":"page","link":"https:\/\/paul-pinsel.de\/?page_id=79","title":{"rendered":"Impressum"},"content":{"rendered":"<h2>Angaben gem\u00e4\u00df \u00a7 5 TMG:<\/h2>\n<p><strong>Paul Pinsel GmbH &#038; Co. KG<\/strong><br \/>\nStahlgro\u00dfhandel<br \/>\nStahlservice<\/p>\n<p>L\u00f6ffelholzstra\u00dfe 37<br \/>\nD-90441 N\u00fcrnberg<\/p>\n<h2>Vertreten durch:<\/h2>\n<p>Dr. Stefan Reiser<br \/>\nL\u00f6ffelholzstra\u00dfe 37<br \/>\nD-90441 N\u00fcrnberg<\/p>\n<h2>Kontakt:<\/h2>\n<p>Telefon: +49 911 424851-3<br \/>\nTelefax: +49 911 424851-40<br \/>\nE-Mail: <a href=\"mailto:info@paul-pinsel.de\">info@paul-pinsel.de<\/a>\n<\/p>\n<h2>Registereintrag:<\/h2>\n<p>Eintragung im Handelsregister. <br \/>\nRegistergericht N\u00fcrnberg<br \/>\nRegisternummer: HRA53\n<\/p>\n<h2>Umsatzsteuer:<\/h2>\n<p>Umsatzsteuer-Identifikationsnummer gem\u00e4\u00df \u00a727 a Umsatzsteuergesetz:<br \/>\nDE 133496915<\/p>\n<h2>Streitschlichtung<\/h2>\n<p>Die Europ\u00e4ische Kommission stellt eine Plattform zur Online-Streitbeilegung (OS) bereit: <a href=\"https:\/\/ec.europa.eu\/consumers\/odr\" target=\"_blank\" rel=\"noopener\">https:\/\/ec.europa.eu\/consumers\/odr<\/a>.<br \/> Unsere E-Mail-Adresse finden Sie oben im Impressum.<\/p>\n<p>Wir sind nicht bereit oder verpflichtet, an Streitbeilegungsverfahren vor einer Verbraucherschlichtungsstelle teilzunehmen.<\/p>\n<h2>Webdesign<\/h2>\n<p><strong>Daniela Faber &#8211; Grafik &amp; Design<\/strong><br \/>\nK\u00f6delberg 1a<br \/>\n96365 Nordhalben<br \/>\nMobil: 0160 6798258<\/p>\n<p><a href=\"mailto:design@danielafaber.de\">design@danielafaber.de<\/a><br \/>\n<a href=\"http:\/\/www.danielafaber.de\">www.danielafaber.de<\/a><\/p>\n<h2>Technische Umsetzung<\/h2>\n<p><strong>antsandelephants \u2013 Werbeagentur und Fotostudio, Bayreuth<\/strong><br \/>\nBayreuther Stra\u00dfe 25<br \/>\n95490 Mistelgau bei Bayreuth<\/p>\n<p><a href=\"mailto:hello@antsandelephants.de\">hello@antsandelephants.de<\/a><br \/>\n<a href=\"http:\/\/www.antsandelephants.de\" target=\"_blank\" rel=\"noopener\">www.antsandelephants.de<\/a><\/p>\n<h3>Haftung f\u00fcr Inhalte<\/h3>\n<p>Als Diensteanbieter sind wir gem\u00e4\u00df \u00a7 7 Abs.1 TMG f\u00fcr eigene Inhalte auf diesen Seiten nach den allgemeinen Gesetzen verantwortlich. Nach \u00a7\u00a7 8 bis 10 TMG sind wir als Diensteanbieter jedoch nicht verpflichtet, \u00fcbermittelte oder gespeicherte fremde Informationen zu \u00fcberwachen oder nach Umst\u00e4nden zu forschen, die auf eine rechtswidrige T\u00e4tigkeit hinweisen.<\/p>\n<p>Verpflichtungen zur Entfernung oder Sperrung der Nutzung von Informationen nach den allgemeinen Gesetzen bleiben hiervon unber\u00fchrt. Eine diesbez\u00fcgliche Haftung ist jedoch erst ab dem Zeitpunkt der Kenntnis einer konkreten Rechtsverletzung m\u00f6glich. Bei Bekanntwerden von entsprechenden Rechtsverletzungen werden wir diese Inhalte umgehend entfernen.<\/p>\n<h3>Haftung f\u00fcr Links<\/h3>\n<p>Unser Angebot enth\u00e4lt Links zu externen Websites Dritter, auf deren Inhalte wir keinen Einfluss haben. Deshalb k\u00f6nnen wir f\u00fcr diese fremden Inhalte auch keine Gew\u00e4hr \u00fcbernehmen. F\u00fcr die Inhalte der verlinkten Seiten ist stets der jeweilige Anbieter oder Betreiber der Seiten verantwortlich. Die verlinkten Seiten wurden zum Zeitpunkt der Verlinkung auf m\u00f6gliche Rechtsverst\u00f6\u00dfe \u00fcberpr\u00fcft. Rechtswidrige Inhalte waren zum Zeitpunkt der Verlinkung nicht erkennbar.<\/p>\n<p>Eine permanente inhaltliche Kontrolle der verlinkten Seiten ist jedoch ohne konkrete Anhaltspunkte einer Rechtsverletzung nicht zumutbar. Bei Bekanntwerden von Rechtsverletzungen werden wir derartige Links umgehend entfernen.<\/p>\n<h3>Urheberrecht<\/h3>\n<p>Die durch die Seitenbetreiber erstellten Inhalte und Werke auf diesen Seiten unterliegen dem deutschen Urheberrecht. Die Vervielf\u00e4ltigung, Bearbeitung, Verbreitung und jede Art der Verwertung au\u00dferhalb der Grenzen des Urheberrechtes bed\u00fcrfen der schriftlichen Zustimmung des jeweiligen Autors bzw. Erstellers. Downloads und Kopien dieser Seite sind nur f\u00fcr den privaten, nicht kommerziellen Gebrauch gestattet.<\/p>\n<p>Soweit die Inhalte auf dieser Seite nicht vom Betreiber erstellt wurden, werden die Urheberrechte Dritter beachtet. Insbesondere werden Inhalte Dritter als solche gekennzeichnet. Sollten Sie trotzdem auf eine Urheberrechtsverletzung aufmerksam werden, bitten wir um einen entsprechenden Hinweis. Bei Bekanntwerden von Rechtsverletzungen werden wir derartige Inhalte umgehend entfernen.<\/p>\n","protected":false},"excerpt":{"rendered":"<p>Angaben gem\u00e4\u00df \u00a7 5 TMG: Paul Pinsel GmbH &#038; Co. KG Stahlgro\u00dfhandel Stahlservice L\u00f6ffelholzstra\u00dfe 37 D-90441 N\u00fcrnberg Vertreten durch: Dr. Stefan Reiser L\u00f6ffelholzstra\u00dfe 37 D-90441 N\u00fcrnberg Kontakt: Telefon: +49 911 424851-3 Telefax: +49 911 424851-40 E-Mail: info@paul-pinsel.de Registereintrag: Eintragung im Handelsregister. Registergericht N\u00fcrnberg Registernummer: HRA53 Umsatzsteuer: Umsatzsteuer-Identifikationsnummer gem\u00e4\u00df \u00a727 a Umsatzsteuergesetz: DE 133496915 Streitschlichtung Die &hellip; <a href=\"https:\/\/paul-pinsel.de\/?page_id=79\" class=\"more-link\"><span class=\"screen-reader-text\">Impressum<\/span> weiterlesen<\/a><\/p>\n","protected":false},"author":1,"featured_media":0,"parent":0,"menu_order":0,"comment_status":"open","ping_status":"open","template":"page-legal.php","meta":[],"yoast_head":"<!-- This site is optimized with the Yoast SEO plugin v16.5 - https:\/\/yoast.com\/wordpress\/plugins\/seo\/ -->\n<title>Paul Pinsel KG - Impressum \u00b7 Wei\u00dfblech nach Ma\u00df<\/title>\n<meta name=\"description\" content=\"Ihr Spezialist f\u00fcr Wei\u00dfblech in N\u00fcrnberg bietet Leistungen rund um Stahlservice, Wei\u00dfblech, Wei\u00dfband, Wei\u00dfblechtafeln, Kaltband, Lohnschneiden und Lohnspalten.\" \/>\n<meta name=\"robots\" content=\"index, follow, max-snippet:-1, max-image-preview:large, max-video-preview:-1\" \/>\n<link rel=\"canonical\" href=\"https:\/\/paul-pinsel.de\/?page_id=79\" \/>\n<meta property=\"og:locale\" content=\"de_DE\" \/>\n<meta property=\"og:type\" content=\"article\" \/>\n<meta property=\"og:title\" content=\"Paul Pinsel KG - Impressum \u00b7 Wei\u00dfblech nach Ma\u00df\" \/>\n<meta property=\"og:description\" content=\"Ihr Spezialist f\u00fcr Wei\u00dfblech in N\u00fcrnberg bietet Leistungen rund um Stahlservice, Wei\u00dfblech, Wei\u00dfband, Wei\u00dfblechtafeln, Kaltband, Lohnschneiden und Lohnspalten.\" \/>\n<meta property=\"og:url\" content=\"https:\/\/paul-pinsel.de\/?page_id=79\" \/>\n<meta property=\"og:site_name\" content=\"Paul Pinsel KG\" \/>\n<meta property=\"article:modified_time\" content=\"2021-08-02T15:20:49+00:00\" \/>\n<meta name=\"twitter:label1\" content=\"Gesch\u00e4tzte Lesezeit\" \/>\n\t<meta name=\"twitter:data1\" content=\"2\u00a0Minuten\" \/>\n<script type=\"application\/ld+json\" class=\"yoast-schema-graph\">{\"@context\":\"https:\/\/schema.org\",\"@graph\":[{\"@type\":\"WebSite\",\"@id\":\"https:\/\/paul-pinsel.de\/#website\",\"url\":\"https:\/\/paul-pinsel.de\/\",\"name\":\"Paul Pinsel KG\",\"description\":\"Stahlservice \\u00b7 Wei\\u00dfblech \\u00b7 Wei\\u00dfband \\u00b7 Wei\\u00dfblechtafeln \\u00b7 Kaltband \\u00b7 Lohnschneiden \\u00b7 Lohnspalten\",\"potentialAction\":[{\"@type\":\"SearchAction\",\"target\":\"https:\/\/paul-pinsel.de\/?s={search_term_string}\",\"query-input\":\"required name=search_term_string\"}],\"inLanguage\":\"de\"},{\"@type\":\"WebPage\",\"@id\":\"https:\/\/paul-pinsel.de\/?page_id=79#webpage\",\"url\":\"https:\/\/paul-pinsel.de\/?page_id=79\",\"name\":\"Paul Pinsel KG - Impressum \\u00b7 Wei\\u00dfblech nach Ma\\u00df\",\"isPartOf\":{\"@id\":\"https:\/\/paul-pinsel.de\/#website\"},\"datePublished\":\"2015-02-05T08:54:02+00:00\",\"dateModified\":\"2021-08-02T15:20:49+00:00\",\"description\":\"Ihr Spezialist f\\u00fcr Wei\\u00dfblech in N\\u00fcrnberg bietet Leistungen rund um Stahlservice, Wei\\u00dfblech, Wei\\u00dfband, Wei\\u00dfblechtafeln, Kaltband, Lohnschneiden und Lohnspalten.\",\"breadcrumb\":{\"@id\":\"https:\/\/paul-pinsel.de\/?page_id=79#breadcrumb\"},\"inLanguage\":\"de\",\"potentialAction\":[{\"@type\":\"ReadAction\",\"target\":[\"https:\/\/paul-pinsel.de\/?page_id=79\"]}]},{\"@type\":\"BreadcrumbList\",\"@id\":\"https:\/\/paul-pinsel.de\/?page_id=79#breadcrumb\",\"itemListElement\":[{\"@type\":\"ListItem\",\"position\":1,\"name\":\"Home\",\"item\":\"https:\/\/paul-pinsel.de\/\"},{\"@type\":\"ListItem\",\"position\":2,\"name\":\"Impressum\"}]}]}<\/script>\n<!-- \/ Yoast SEO plugin. -->","_links":{"self":[{"href":"https:\/\/paul-pinsel.de\/index.php?rest_route=\/wp\/v2\/pages\/79"}],"collection":[{"href":"https:\/\/paul-pinsel.de\/index.php?rest_route=\/wp\/v2\/pages"}],"about":[{"href":"https:\/\/paul-pinsel.de\/index.php?rest_route=\/wp\/v2\/types\/page"}],"author":[{"embeddable":true,"href":"https:\/\/paul-pinsel.de\/index.php?rest_route=\/wp\/v2\/users\/1"}],"replies":[{"embeddable":true,"href":"https:\/\/paul-pinsel.de\/index.php?rest_route=%2Fwp%2Fv2%2Fcomments&post=79"}],"version-history":[{"count":12,"href":"https:\/\/paul-pinsel.de\/index.php?rest_route=\/wp\/v2\/pages\/79\/revisions"}],"predecessor-version":[{"id":456,"href":"https:\/\/paul-pinsel.de\/index.php?rest_route=\/wp\/v2\/pages\/79\/revisions\/456"}],"wp:attachment":[{"href":"https:\/\/paul-pinsel.de\/index.php?rest_route=%2Fwp%2Fv2%2Fmedia&parent=79"}],"curies":[{"name":"wp","href":"https:\/\/api.w.org\/{rel}","templated":true}]}}