{"id":5,"date":"2015-01-19T09:31:42","date_gmt":"2015-01-19T09:31:42","guid":{"rendered":"http:\/\/web433.zeistserver.de\/?page_id=5"},"modified":"2015-04-20T08:37:59","modified_gmt":"2015-04-20T08:37:59","slug":"parallax","status":"publish","type":"page","link":"https:\/\/paul-pinsel.de\/","title":{"rendered":"Stahlservice \u00b7 Wei\u00dfblech \u00b7 Wei\u00dfband \u00b7 Wei\u00dfblechtafeln \u00b7 Kaltband \u00b7 Lohnschneiden \u00b7 Lohnspalten"},"content":{"rendered":"","protected":false},"excerpt":{"rendered":"","protected":false},"author":1,"featured_media":0,"parent":0,"menu_order":0,"comment_status":"open","ping_status":"open","template":"page-parallax.php","meta":[],"yoast_head":"<!-- This site is optimized with the Yoast SEO plugin v16.5 - https:\/\/yoast.com\/wordpress\/plugins\/seo\/ -->\n<title>Paul Pinsel KG \u00b7 Stahlservice \u00b7 Wei\u00dfblech \u00b7 Wei\u00dfband \u00b7 Wei\u00dfblechtafeln \u00b7 Kaltband \u00b7 Lohnschneiden \u00b7 Lohnspalten<\/title>\n<meta name=\"description\" content=\"Ihr Spezialist f\u00fcr Wei\u00dfblech in N\u00fcrnberg bietet Leistungen rund um Stahlservice, Wei\u00dfblech, Wei\u00dfband, Wei\u00dfblechtafeln, Kaltband, Lohnschneiden und Lohnspalten.\" \/>\n<meta name=\"robots\" content=\"index, follow, max-snippet:-1, max-image-preview:large, max-video-preview:-1\" \/>\n<link rel=\"canonical\" href=\"https:\/\/paul-pinsel.de\/\" \/>\n<meta property=\"og:locale\" content=\"de_DE\" \/>\n<meta property=\"og:type\" content=\"article\" \/>\n<meta property=\"og:title\" content=\"Paul Pinsel KG \u00b7 Stahlservice \u00b7 Wei\u00dfblech \u00b7 Wei\u00dfband \u00b7 Wei\u00dfblechtafeln \u00b7 Kaltband \u00b7 Lohnschneiden \u00b7 Lohnspalten\" \/>\n<meta property=\"og:description\" content=\"Ihr Spezialist f\u00fcr Wei\u00dfblech in N\u00fcrnberg bietet Leistungen rund um Stahlservice, Wei\u00dfblech, Wei\u00dfband, Wei\u00dfblechtafeln, Kaltband, Lohnschneiden und Lohnspalten.\" \/>\n<meta property=\"og:url\" content=\"https:\/\/paul-pinsel.de\/\" \/>\n<meta property=\"og:site_name\" content=\"Paul Pinsel KG\" \/>\n<meta property=\"article:modified_time\" content=\"2015-04-20T08:37:59+00:00\" \/>\n<script type=\"application\/ld+json\" class=\"yoast-schema-graph\">{\"@context\":\"https:\/\/schema.org\",\"@graph\":[{\"@type\":\"WebSite\",\"@id\":\"https:\/\/paul-pinsel.de\/#website\",\"url\":\"https:\/\/paul-pinsel.de\/\",\"name\":\"Paul Pinsel KG\",\"description\":\"Stahlservice \\u00b7 Wei\\u00dfblech \\u00b7 Wei\\u00dfband \\u00b7 Wei\\u00dfblechtafeln \\u00b7 Kaltband \\u00b7 Lohnschneiden \\u00b7 Lohnspalten\",\"potentialAction\":[{\"@type\":\"SearchAction\",\"target\":\"https:\/\/paul-pinsel.de\/?s={search_term_string}\",\"query-input\":\"required name=search_term_string\"}],\"inLanguage\":\"de\"},{\"@type\":\"WebPage\",\"@id\":\"https:\/\/paul-pinsel.de\/#webpage\",\"url\":\"https:\/\/paul-pinsel.de\/\",\"name\":\"Paul Pinsel KG \\u00b7 Stahlservice \\u00b7 Wei\\u00dfblech \\u00b7 Wei\\u00dfband \\u00b7 Wei\\u00dfblechtafeln \\u00b7 Kaltband \\u00b7 Lohnschneiden \\u00b7 Lohnspalten\",\"isPartOf\":{\"@id\":\"https:\/\/paul-pinsel.de\/#website\"},\"datePublished\":\"2015-01-19T09:31:42+00:00\",\"dateModified\":\"2015-04-20T08:37:59+00:00\",\"description\":\"Ihr Spezialist f\\u00fcr Wei\\u00dfblech in N\\u00fcrnberg bietet Leistungen rund um Stahlservice, Wei\\u00dfblech, Wei\\u00dfband, Wei\\u00dfblechtafeln, Kaltband, Lohnschneiden und Lohnspalten.\",\"breadcrumb\":{\"@id\":\"https:\/\/paul-pinsel.de\/#breadcrumb\"},\"inLanguage\":\"de\",\"potentialAction\":[{\"@type\":\"ReadAction\",\"target\":[\"https:\/\/paul-pinsel.de\/\"]}]},{\"@type\":\"BreadcrumbList\",\"@id\":\"https:\/\/paul-pinsel.de\/#breadcrumb\",\"itemListElement\":[{\"@type\":\"ListItem\",\"position\":1,\"name\":\"Home\",\"item\":\"https:\/\/paul-pinsel.de\/\"},{\"@type\":\"ListItem\",\"position\":2,\"name\":\"Stahlservice \\u00b7 Wei\\u00dfblech \\u00b7 Wei\\u00dfband \\u00b7 Wei\\u00dfblechtafeln \\u00b7 Kaltband \\u00b7 Lohnschneiden \\u00b7 Lohnspalten\"}]}]}<\/script>\n<!-- \/ Yoast SEO plugin. -->","_links":{"self":[{"href":"https:\/\/paul-pinsel.de\/index.php?rest_route=\/wp\/v2\/pages\/5"}],"collection":[{"href":"https:\/\/paul-pinsel.de\/index.php?rest_route=\/wp\/v2\/pages"}],"about":[{"href":"https:\/\/paul-pinsel.de\/index.php?rest_route=\/wp\/v2\/types\/page"}],"author":[{"embeddable":true,"href":"https:\/\/paul-pinsel.de\/index.php?rest_route=\/wp\/v2\/users\/1"}],"replies":[{"embeddable":true,"href":"https:\/\/paul-pinsel.de\/index.php?rest_route=%2Fwp%2Fv2%2Fcomments&post=5"}],"version-history":[{"count":3,"href":"https:\/\/paul-pinsel.de\/index.php?rest_route=\/wp\/v2\/pages\/5\/revisions"}],"predecessor-version":[{"id":295,"href":"https:\/\/paul-pinsel.de\/index.php?rest_route=\/wp\/v2\/pages\/5\/revisions\/295"}],"wp:attachment":[{"href":"https:\/\/paul-pinsel.de\/index.php?rest_route=%2Fwp%2Fv2%2Fmedia&parent=5"}],"curies":[{"name":"wp","href":"https:\/\/api.w.org\/{rel}","templated":true}]}}